{"id":2,"date":"2015-10-23T12:02:22","date_gmt":"2015-10-23T12:02:22","guid":{"rendered":"http:\/\/joao-rodrigues.com\/?page_id=2"},"modified":"2016-04-21T21:17:34","modified_gmt":"2016-04-21T21:17:34","slug":"sample-page","status":"publish","type":"page","link":"https:\/\/joao-rodrigues.com\/?page_id=2","title":{"rendered":"About me"},"content":{"rendered":"<p>Comecei a pintar desde a minha inf\u00e2ncia atrav\u00e9s da influ\u00eancia de minha fam\u00edlia imediata, pai e m\u00e3e. Depois estive alguns anos afastado da pintura devido aos estudos e \u00e0 minha forma\u00e7\u00e3o acad\u00e9mica e profissional. E s\u00f3 \u00e0 alguns anos atr\u00e1s \u00e9 que me dediquei de novo a esta arte. Pelo meio houve ainda tempo para a fotografia, um dos meus hobbies preferidos bem como ao desporto. De qualquer forma esta arte exige concentra\u00e7\u00e3o e tempo o que nem sempre se consegue conjugar bem como a disposi\u00e7\u00e3o e &#8220;veia&#8221; para pintar\u00a0penso que daqui a alguns anos ser\u00e1 poss\u00edvel realizar este sonho a tempo inteiro.<br \/>\nAinda assim nos \u00faltimos anos tenho realizado alguns trabalhos realizados a\u00a0\u00f3leo, acr\u00edlico e com t\u00e9cnicas vulgares ou muito pr\u00f3prias, mais recentemente tenho tido alguma aproxima\u00e7\u00e3o \u00e1s aguarelas.<\/p>\n<hr \/>\n<div>I started painting at an early age through the influence of my immediate family, Father and Mother. Then been enough time doing nothing on this issue and about 4 years ago and resumed&#8217;m willing to continue. Anyway this art requires concentration and time are not always available with &#8216;vein&#8217; to paint, much less when you have little ones who pay attention.<\/div>\n<div>Anyway are already some works done some other oil to acrylics with vulgar or very own techniques.<\/div>\n<div>Oil paints came from our beautiful place called Sintra. All the paintings are hand made with quality oils and quality canvas.<\/div>\n","protected":false},"excerpt":{"rendered":"<p>Comecei a pintar desde a minha inf\u00e2ncia atrav\u00e9s da influ\u00eancia de minha fam\u00edlia imediata, pai e m\u00e3e. Depois estive alguns anos afastado da pintura devido aos estudos e \u00e0 minha&#8230;<\/p>\n<div class=\"more-link-wrapper\"><a class=\"more-link\" href=\"https:\/\/joao-rodrigues.com\/?page_id=2\">Read the Post \/ Ler mais &#8230;<span class=\"screen-reader-text\">About me<\/span><\/a><\/div>\n","protected":false},"author":1,"featured_media":17,"parent":0,"menu_order":0,"comment_status":"closed","ping_status":"open","template":"","meta":{"footnotes":""},"_links":{"self":[{"href":"https:\/\/joao-rodrigues.com\/index.php?rest_route=\/wp\/v2\/pages\/2"}],"collection":[{"href":"https:\/\/joao-rodrigues.com\/index.php?rest_route=\/wp\/v2\/pages"}],"about":[{"href":"https:\/\/joao-rodrigues.com\/index.php?rest_route=\/wp\/v2\/types\/page"}],"author":[{"embeddable":true,"href":"https:\/\/joao-rodrigues.com\/index.php?rest_route=\/wp\/v2\/users\/1"}],"replies":[{"embeddable":true,"href":"https:\/\/joao-rodrigues.com\/index.php?rest_route=%2Fwp%2Fv2%2Fcomments&post=2"}],"version-history":[{"count":3,"href":"https:\/\/joao-rodrigues.com\/index.php?rest_route=\/wp\/v2\/pages\/2\/revisions"}],"predecessor-version":[{"id":16,"href":"https:\/\/joao-rodrigues.com\/index.php?rest_route=\/wp\/v2\/pages\/2\/revisions\/16"}],"wp:featuredmedia":[{"embeddable":true,"href":"https:\/\/joao-rodrigues.com\/index.php?rest_route=\/wp\/v2\/media\/17"}],"wp:attachment":[{"href":"https:\/\/joao-rodrigues.com\/index.php?rest_route=%2Fwp%2Fv2%2Fmedia&parent=2"}],"curies":[{"name":"wp","href":"https:\/\/api.w.org\/{rel}","templated":true}]}}